{"id":225,"date":"2023-11-04T04:35:21","date_gmt":"2023-11-04T04:35:21","guid":{"rendered":"https:\/\/lenguacastellanausco.edu.co\/?page_id=225"},"modified":"2023-11-04T04:35:21","modified_gmt":"2023-11-04T04:35:21","slug":"anomalias","status":"publish","type":"page","link":"https:\/\/lenguacastellanausco.edu.co\/index.php\/anomalias\/","title":{"rendered":"Anomal\u00edas"},"content":{"rendered":"\n<p>Dentro de este apartado podr\u00e1n descargar y encontrar documentos Word en los cuales est\u00e1n reportadas las anomal\u00edas presentadas en los tomos encontrados en las instalaciones de la Universidad Surcolombiana.<\/p>\n\n\n\n<div class=\"wp-block-file\"><a id=\"wp-block-file--media-c4f67e1e-60e9-4ba9-8499-37c6e567b589\" href=\"https:\/\/lenguacastellanausco.edu.co\/wp-content\/uploads\/2023\/11\/Anomalias-de-Industria-relacionada-con-la-agricultura.docx\">Anomalias-de-Industria-relacionada-con-la-agricultura<\/a><a href=\"https:\/\/lenguacastellanausco.edu.co\/wp-content\/uploads\/2023\/11\/Anomalias-de-Industria-relacionada-con-la-agricultura.docx\" class=\"wp-block-file__button wp-element-button\" download aria-describedby=\"wp-block-file--media-c4f67e1e-60e9-4ba9-8499-37c6e567b589\">Descargar<\/a><\/div>\n\n\n\n<div class=\"wp-block-file\"><a id=\"wp-block-file--media-2eadd1a0-c2f2-4860-8e20-d8028d39fde5\" href=\"https:\/\/lenguacastellanausco.edu.co\/wp-content\/uploads\/2023\/11\/Anomalias_.docx\">Anomalias_<\/a><a href=\"https:\/\/lenguacastellanausco.edu.co\/wp-content\/uploads\/2023\/11\/Anomalias_.docx\" class=\"wp-block-file__button wp-element-button\" download aria-describedby=\"wp-block-file--media-2eadd1a0-c2f2-4860-8e20-d8028d39fde5\">Descargar<\/a><\/div>\n","protected":false},"excerpt":{"rendered":"<p>Dentro de este apartado podr\u00e1n descargar y encontrar documentos Word en los cuales est\u00e1n reportadas las anomal\u00edas presentadas en los tomos encontrados en las instalaciones de la Universidad Surcolombiana.<\/p>\n","protected":false},"author":1,"featured_media":0,"parent":0,"menu_order":0,"comment_status":"closed","ping_status":"closed","template":"","meta":{"om_disable_all_campaigns":false,"_monsterinsights_skip_tracking":false,"_monsterinsights_sitenote_active":false,"_monsterinsights_sitenote_note":"","_monsterinsights_sitenote_category":0},"_links":{"self":[{"href":"https:\/\/lenguacastellanausco.edu.co\/index.php\/wp-json\/wp\/v2\/pages\/225"}],"collection":[{"href":"https:\/\/lenguacastellanausco.edu.co\/index.php\/wp-json\/wp\/v2\/pages"}],"about":[{"href":"https:\/\/lenguacastellanausco.edu.co\/index.php\/wp-json\/wp\/v2\/types\/page"}],"author":[{"embeddable":true,"href":"https:\/\/lenguacastellanausco.edu.co\/index.php\/wp-json\/wp\/v2\/users\/1"}],"replies":[{"embeddable":true,"href":"https:\/\/lenguacastellanausco.edu.co\/index.php\/wp-json\/wp\/v2\/comments?post=225"}],"version-history":[{"count":1,"href":"https:\/\/lenguacastellanausco.edu.co\/index.php\/wp-json\/wp\/v2\/pages\/225\/revisions"}],"predecessor-version":[{"id":250,"href":"https:\/\/lenguacastellanausco.edu.co\/index.php\/wp-json\/wp\/v2\/pages\/225\/revisions\/250"}],"wp:attachment":[{"href":"https:\/\/lenguacastellanausco.edu.co\/index.php\/wp-json\/wp\/v2\/media?parent=225"}],"curies":[{"name":"wp","href":"https:\/\/api.w.org\/{rel}","templated":true}]}}