{"id":210,"date":"2023-11-04T03:53:58","date_gmt":"2023-11-04T03:53:58","guid":{"rendered":"https:\/\/lenguacastellanausco.edu.co\/?page_id=210"},"modified":"2023-11-04T03:59:27","modified_gmt":"2023-11-04T03:59:27","slug":"info-tomos","status":"publish","type":"page","link":"https:\/\/lenguacastellanausco.edu.co\/index.php\/info-tomos\/","title":{"rendered":"Info. Tomos"},"content":{"rendered":"\n<p>Dentro de este apartados podr\u00e1s encontrar toda la informaci\u00f3n, en documentos Word, que encontrar\u00e1s dentro de los tomos digitalizados, para de esta forma se sepa con anterioridad lo que se espera del tomo pr\u00f3ximo a leer:<\/p>\n\n\n\n<div class=\"wp-block-file\"><a id=\"wp-block-file--media-e345f256-265a-4816-8ac6-45d643ca918a\" href=\"https:\/\/lenguacastellanausco.edu.co\/wp-content\/uploads\/2023\/11\/Info.-El-campo-los-cultivos-otros-vegetales.docx\">Info.-El-campo-los-cultivos-otros-vegetales<\/a><a href=\"https:\/\/lenguacastellanausco.edu.co\/wp-content\/uploads\/2023\/11\/Info.-El-campo-los-cultivos-otros-vegetales.docx\" class=\"wp-block-file__button wp-element-button\" download aria-describedby=\"wp-block-file--media-e345f256-265a-4816-8ac6-45d643ca918a\">Descargar<\/a><\/div>\n\n\n\n<div class=\"wp-block-file\"><a id=\"wp-block-file--media-0589bdc9-8f0c-4c5b-ae12-4a12e80ef43d\" href=\"https:\/\/lenguacastellanausco.edu.co\/wp-content\/uploads\/2023\/11\/Info.-Elementos-linguisticos-del-Guambiano.docx\">Info.-Elementos-linguisticos-del-Guambiano<\/a><a href=\"https:\/\/lenguacastellanausco.edu.co\/wp-content\/uploads\/2023\/11\/Info.-Elementos-linguisticos-del-Guambiano.docx\" class=\"wp-block-file__button wp-element-button\" download aria-describedby=\"wp-block-file--media-0589bdc9-8f0c-4c5b-ae12-4a12e80ef43d\">Descargar<\/a><\/div>\n\n\n\n<div class=\"wp-block-file\"><a id=\"wp-block-file--media-3099b80d-0e7e-4c80-8b61-9386cc2b872b\" href=\"https:\/\/lenguacastellanausco.edu.co\/wp-content\/uploads\/2023\/11\/Info.-festividades-y-distracciones.docx\">Info.-festividades-y-distracciones<\/a><a href=\"https:\/\/lenguacastellanausco.edu.co\/wp-content\/uploads\/2023\/11\/Info.-festividades-y-distracciones.docx\" class=\"wp-block-file__button wp-element-button\" download aria-describedby=\"wp-block-file--media-3099b80d-0e7e-4c80-8b61-9386cc2b872b\">Descargar<\/a><\/div>\n\n\n\n<div class=\"wp-block-file\"><a id=\"wp-block-file--media-6889ff95-7e72-45d5-83fc-6f1aea597aca\" href=\"https:\/\/lenguacastellanausco.edu.co\/wp-content\/uploads\/2023\/11\/Info.-La-familia-ciclo-de-vida.docx\">Info.-La-familia-ciclo-de-vida<\/a><a href=\"https:\/\/lenguacastellanausco.edu.co\/wp-content\/uploads\/2023\/11\/Info.-La-familia-ciclo-de-vida.docx\" class=\"wp-block-file__button wp-element-button\" download aria-describedby=\"wp-block-file--media-6889ff95-7e72-45d5-83fc-6f1aea597aca\">Descargar<\/a><\/div>\n\n\n\n<div class=\"wp-block-file\"><a id=\"wp-block-file--media-239f1e8c-5ea1-4a5d-a752-ed2a3b207794\" href=\"https:\/\/lenguacastellanausco.edu.co\/wp-content\/uploads\/2023\/11\/Tomo-VI-instituciones-religiosas.docx\">Tomo-VI-instituciones-religiosas<\/a><a href=\"https:\/\/lenguacastellanausco.edu.co\/wp-content\/uploads\/2023\/11\/Tomo-VI-instituciones-religiosas.docx\" class=\"wp-block-file__button wp-element-button\" download aria-describedby=\"wp-block-file--media-239f1e8c-5ea1-4a5d-a752-ed2a3b207794\">Descargar<\/a><\/div>\n\n\n\n<div class=\"wp-block-file\"><a id=\"wp-block-file--media-1c5ee80f-04d9-4939-b3cd-d5faa4de1aba\" href=\"https:\/\/lenguacastellanausco.edu.co\/wp-content\/uploads\/2023\/11\/Tomo-X-industrias-relacionadas-con-la-agricultura.docx\">Tomo-X-industrias-relacionadas-con-la-agricultura<\/a><a href=\"https:\/\/lenguacastellanausco.edu.co\/wp-content\/uploads\/2023\/11\/Tomo-X-industrias-relacionadas-con-la-agricultura.docx\" class=\"wp-block-file__button wp-element-button\" download aria-describedby=\"wp-block-file--media-1c5ee80f-04d9-4939-b3cd-d5faa4de1aba\">Descargar<\/a><\/div>\n\n\n\n<div class=\"wp-block-file\"><a id=\"wp-block-file--media-bf77c857-f6c4-4dfc-af4f-31efb4339e53\" href=\"https:\/\/lenguacastellanausco.edu.co\/wp-content\/uploads\/2023\/11\/Tomo-XII-reptiles-insectos-batracios-pajaros-animales-salvajes-.docx\">Tomo-XII-reptiles-insectos-batracios-pajaros-animales-salvajes-<\/a><a href=\"https:\/\/lenguacastellanausco.edu.co\/wp-content\/uploads\/2023\/11\/Tomo-XII-reptiles-insectos-batracios-pajaros-animales-salvajes-.docx\" class=\"wp-block-file__button wp-element-button\" download aria-describedby=\"wp-block-file--media-bf77c857-f6c4-4dfc-af4f-31efb4339e53\">Descargar<\/a><\/div>\n\n\n\n<div class=\"wp-block-file\"><a id=\"wp-block-file--media-cb48f4be-7344-4f70-a1a9-a8e53a1dbb67\" href=\"https:\/\/lenguacastellanausco.edu.co\/wp-content\/uploads\/2023\/11\/Tomo-XVI-transporte.docx\">Tomo-XVI-transporte<\/a><a href=\"https:\/\/lenguacastellanausco.edu.co\/wp-content\/uploads\/2023\/11\/Tomo-XVI-transporte.docx\" class=\"wp-block-file__button wp-element-button\" download aria-describedby=\"wp-block-file--media-cb48f4be-7344-4f70-a1a9-a8e53a1dbb67\">Descargar<\/a><\/div>\n","protected":false},"excerpt":{"rendered":"<p>Dentro de este apartados podr\u00e1s encontrar toda la informaci\u00f3n, en documentos Word, que encontrar\u00e1s dentro de los tomos digitalizados, para de esta forma se sepa con anterioridad lo que se espera del tomo pr\u00f3ximo a leer:<\/p>\n","protected":false},"author":1,"featured_media":223,"parent":0,"menu_order":0,"comment_status":"closed","ping_status":"closed","template":"","meta":{"om_disable_all_campaigns":false,"_monsterinsights_skip_tracking":false,"_monsterinsights_sitenote_active":false,"_monsterinsights_sitenote_note":"","_monsterinsights_sitenote_category":0},"_links":{"self":[{"href":"https:\/\/lenguacastellanausco.edu.co\/index.php\/wp-json\/wp\/v2\/pages\/210"}],"collection":[{"href":"https:\/\/lenguacastellanausco.edu.co\/index.php\/wp-json\/wp\/v2\/pages"}],"about":[{"href":"https:\/\/lenguacastellanausco.edu.co\/index.php\/wp-json\/wp\/v2\/types\/page"}],"author":[{"embeddable":true,"href":"https:\/\/lenguacastellanausco.edu.co\/index.php\/wp-json\/wp\/v2\/users\/1"}],"replies":[{"embeddable":true,"href":"https:\/\/lenguacastellanausco.edu.co\/index.php\/wp-json\/wp\/v2\/comments?post=210"}],"version-history":[{"count":2,"href":"https:\/\/lenguacastellanausco.edu.co\/index.php\/wp-json\/wp\/v2\/pages\/210\/revisions"}],"predecessor-version":[{"id":222,"href":"https:\/\/lenguacastellanausco.edu.co\/index.php\/wp-json\/wp\/v2\/pages\/210\/revisions\/222"}],"wp:featuredmedia":[{"embeddable":true,"href":"https:\/\/lenguacastellanausco.edu.co\/index.php\/wp-json\/wp\/v2\/media\/223"}],"wp:attachment":[{"href":"https:\/\/lenguacastellanausco.edu.co\/index.php\/wp-json\/wp\/v2\/media?parent=210"}],"curies":[{"name":"wp","href":"https:\/\/api.w.org\/{rel}","templated":true}]}}