{"id":2,"date":"2021-10-02T16:22:17","date_gmt":"2021-10-02T16:22:17","guid":{"rendered":"http:\/\/lenguacastellanausco.edu.co\/?page_id=2"},"modified":"2023-11-04T04:32:11","modified_gmt":"2023-11-04T04:32:11","slug":"estados-de-tomos","status":"publish","type":"page","link":"https:\/\/lenguacastellanausco.edu.co\/index.php\/estados-de-tomos\/","title":{"rendered":"Estados de los tomos"},"content":{"rendered":"\n<p>Los tomos fueron encontrados y tomados de las instalaciones de la Universidad Surcolombia, los cuales son muy importantes para el desarrollo y la protecci\u00f3n de nuestra cultura huilense, en este apartado podr\u00e1n ver en que estado fueron encontrados los tomos digitalizados y compartidos en esta p\u00e1gina:<\/p>\n\n\n\n<blockquote class=\"wp-block-quote\">\n<p>En esta primera imagen podremos ver un anillado que fue retirado de los tomos originales.<\/p>\n\n\n\n<figure class=\"wp-block-image size-large is-resized\"><img decoding=\"async\" loading=\"lazy\" src=\"https:\/\/lenguacastellanausco.edu.co\/wp-content\/uploads\/2023\/11\/Anillado-retirado-341x1024.jpg\" alt=\"\" class=\"wp-image-128\" width=\"90\" height=\"270\" srcset=\"https:\/\/lenguacastellanausco.edu.co\/wp-content\/uploads\/2023\/11\/Anillado-retirado-341x1024.jpg 341w, https:\/\/lenguacastellanausco.edu.co\/wp-content\/uploads\/2023\/11\/Anillado-retirado-100x300.jpg 100w, https:\/\/lenguacastellanausco.edu.co\/wp-content\/uploads\/2023\/11\/Anillado-retirado-768x2304.jpg 768w, https:\/\/lenguacastellanausco.edu.co\/wp-content\/uploads\/2023\/11\/Anillado-retirado-512x1536.jpg 512w, https:\/\/lenguacastellanausco.edu.co\/wp-content\/uploads\/2023\/11\/Anillado-retirado-683x2048.jpg 683w, https:\/\/lenguacastellanausco.edu.co\/wp-content\/uploads\/2023\/11\/Anillado-retirado-scaled.jpg 853w\" sizes=\"(max-width: 90px) 100vw, 90px\" \/><\/figure>\n\n\n\n<p><\/p>\n<\/blockquote>\n\n\n\n<blockquote class=\"wp-block-quote\">\n<p>En las siguientes imagenes podrmos ver el estado en el que se encuentra el tomo denominado <strong>&#8220;Elementos Ling\u00fcisticos del Guambiano&#8221;<\/strong><\/p>\n\n\n\n<figure class=\"wp-block-image size-large is-resized\"><img decoding=\"async\" loading=\"lazy\" src=\"https:\/\/lenguacastellanausco.edu.co\/wp-content\/uploads\/2023\/11\/Caratula-pasta-dura-elementos-Linguisticos-del-Guambiano-3-890x1024.jpg\" alt=\"\" class=\"wp-image-129\" width=\"474\" height=\"545\" srcset=\"https:\/\/lenguacastellanausco.edu.co\/wp-content\/uploads\/2023\/11\/Caratula-pasta-dura-elementos-Linguisticos-del-Guambiano-3-890x1024.jpg 890w, https:\/\/lenguacastellanausco.edu.co\/wp-content\/uploads\/2023\/11\/Caratula-pasta-dura-elementos-Linguisticos-del-Guambiano-3-261x300.jpg 261w, https:\/\/lenguacastellanausco.edu.co\/wp-content\/uploads\/2023\/11\/Caratula-pasta-dura-elementos-Linguisticos-del-Guambiano-3-768x884.jpg 768w, https:\/\/lenguacastellanausco.edu.co\/wp-content\/uploads\/2023\/11\/Caratula-pasta-dura-elementos-Linguisticos-del-Guambiano-3-1335x1536.jpg 1335w, https:\/\/lenguacastellanausco.edu.co\/wp-content\/uploads\/2023\/11\/Caratula-pasta-dura-elementos-Linguisticos-del-Guambiano-3-1780x2048.jpg 1780w\" sizes=\"(max-width: 474px) 100vw, 474px\" \/><\/figure>\n\n\n\n<p><\/p>\n\n\n\n<figure class=\"wp-block-image size-large is-resized\"><img decoding=\"async\" loading=\"lazy\" src=\"https:\/\/lenguacastellanausco.edu.co\/wp-content\/uploads\/2023\/11\/Elementos-Linguisticos-del-Guambiano-2-1024x686.jpg\" alt=\"\" class=\"wp-image-130\" width=\"612\" height=\"410\" srcset=\"https:\/\/lenguacastellanausco.edu.co\/wp-content\/uploads\/2023\/11\/Elementos-Linguisticos-del-Guambiano-2-1024x686.jpg 1024w, https:\/\/lenguacastellanausco.edu.co\/wp-content\/uploads\/2023\/11\/Elementos-Linguisticos-del-Guambiano-2-300x201.jpg 300w, https:\/\/lenguacastellanausco.edu.co\/wp-content\/uploads\/2023\/11\/Elementos-Linguisticos-del-Guambiano-2-768x514.jpg 768w, https:\/\/lenguacastellanausco.edu.co\/wp-content\/uploads\/2023\/11\/Elementos-Linguisticos-del-Guambiano-2-1536x1029.jpg 1536w, https:\/\/lenguacastellanausco.edu.co\/wp-content\/uploads\/2023\/11\/Elementos-Linguisticos-del-Guambiano-2-2048x1372.jpg 2048w, https:\/\/lenguacastellanausco.edu.co\/wp-content\/uploads\/2023\/11\/Elementos-Linguisticos-del-Guambiano-2-360x240.jpg 360w\" sizes=\"(max-width: 612px) 100vw, 612px\" \/><\/figure>\n\n\n\n<p><\/p>\n\n\n\n<figure class=\"wp-block-image size-large is-resized\"><img decoding=\"async\" loading=\"lazy\" src=\"https:\/\/lenguacastellanausco.edu.co\/wp-content\/uploads\/2023\/11\/Elementos-Linguisticos-del-Guambiano-3-1024x838.jpg\" alt=\"\" class=\"wp-image-131\" width=\"559\" height=\"457\" srcset=\"https:\/\/lenguacastellanausco.edu.co\/wp-content\/uploads\/2023\/11\/Elementos-Linguisticos-del-Guambiano-3-1024x838.jpg 1024w, https:\/\/lenguacastellanausco.edu.co\/wp-content\/uploads\/2023\/11\/Elementos-Linguisticos-del-Guambiano-3-300x245.jpg 300w, https:\/\/lenguacastellanausco.edu.co\/wp-content\/uploads\/2023\/11\/Elementos-Linguisticos-del-Guambiano-3-768x628.jpg 768w, https:\/\/lenguacastellanausco.edu.co\/wp-content\/uploads\/2023\/11\/Elementos-Linguisticos-del-Guambiano-3-1536x1257.jpg 1536w, https:\/\/lenguacastellanausco.edu.co\/wp-content\/uploads\/2023\/11\/Elementos-Linguisticos-del-Guambiano-3-2048x1676.jpg 2048w\" sizes=\"(max-width: 559px) 100vw, 559px\" \/><\/figure>\n<\/blockquote>\n\n\n\n<blockquote class=\"wp-block-quote\">\n<p>En las siguiente imagene se puede ver el estado de la <strong>clasificaci\u00f3n original<\/strong>:<\/p>\n\n\n\n<figure class=\"wp-block-image size-large\"><img decoding=\"async\" loading=\"lazy\" width=\"1024\" height=\"768\" src=\"https:\/\/lenguacastellanausco.edu.co\/wp-content\/uploads\/2023\/11\/Clasificacion-original-1024x768.jpg\" alt=\"\" class=\"wp-image-227\" srcset=\"https:\/\/lenguacastellanausco.edu.co\/wp-content\/uploads\/2023\/11\/Clasificacion-original-1024x768.jpg 1024w, https:\/\/lenguacastellanausco.edu.co\/wp-content\/uploads\/2023\/11\/Clasificacion-original-300x225.jpg 300w, https:\/\/lenguacastellanausco.edu.co\/wp-content\/uploads\/2023\/11\/Clasificacion-original-768x576.jpg 768w, https:\/\/lenguacastellanausco.edu.co\/wp-content\/uploads\/2023\/11\/Clasificacion-original-1536x1152.jpg 1536w, https:\/\/lenguacastellanausco.edu.co\/wp-content\/uploads\/2023\/11\/Clasificacion-original-2048x1536.jpg 2048w\" sizes=\"(max-width: 1024px) 100vw, 1024px\" \/><\/figure>\n<\/blockquote>\n\n\n\n<blockquote class=\"wp-block-quote\">\n<p>En la siguiente imagene se puede evidenciar en el estado que se encuentra el <strong>II Tomo<\/strong>:<\/p>\n\n\n\n<figure class=\"wp-block-image size-large\"><img decoding=\"async\" loading=\"lazy\" width=\"1024\" height=\"768\" src=\"https:\/\/lenguacastellanausco.edu.co\/wp-content\/uploads\/2023\/11\/II-tomo-1024x768.jpg\" alt=\"\" class=\"wp-image-228\" srcset=\"https:\/\/lenguacastellanausco.edu.co\/wp-content\/uploads\/2023\/11\/II-tomo-1024x768.jpg 1024w, https:\/\/lenguacastellanausco.edu.co\/wp-content\/uploads\/2023\/11\/II-tomo-300x225.jpg 300w, https:\/\/lenguacastellanausco.edu.co\/wp-content\/uploads\/2023\/11\/II-tomo-768x576.jpg 768w, https:\/\/lenguacastellanausco.edu.co\/wp-content\/uploads\/2023\/11\/II-tomo-1536x1152.jpg 1536w, https:\/\/lenguacastellanausco.edu.co\/wp-content\/uploads\/2023\/11\/II-tomo-2048x1536.jpg 2048w\" sizes=\"(max-width: 1024px) 100vw, 1024px\" \/><\/figure>\n<\/blockquote>\n\n\n\n<blockquote class=\"wp-block-quote\">\n<p>En las siguientes imagenes se puede ver el estado en el cual fueron encontradas las p\u00e1ginas del <strong>III Tomo<\/strong>:<\/p>\n\n\n\n<figure class=\"wp-block-image size-large is-resized\"><img decoding=\"async\" loading=\"lazy\" src=\"https:\/\/lenguacastellanausco.edu.co\/wp-content\/uploads\/2023\/11\/III-tomo-2-1024x768.jpg\" alt=\"\" class=\"wp-image-229\" width=\"567\" height=\"425\" srcset=\"https:\/\/lenguacastellanausco.edu.co\/wp-content\/uploads\/2023\/11\/III-tomo-2-1024x768.jpg 1024w, https:\/\/lenguacastellanausco.edu.co\/wp-content\/uploads\/2023\/11\/III-tomo-2-300x225.jpg 300w, https:\/\/lenguacastellanausco.edu.co\/wp-content\/uploads\/2023\/11\/III-tomo-2-768x576.jpg 768w, https:\/\/lenguacastellanausco.edu.co\/wp-content\/uploads\/2023\/11\/III-tomo-2-1536x1152.jpg 1536w, https:\/\/lenguacastellanausco.edu.co\/wp-content\/uploads\/2023\/11\/III-tomo-2-2048x1536.jpg 2048w\" sizes=\"(max-width: 567px) 100vw, 567px\" \/><\/figure>\n\n\n\n<p><\/p>\n\n\n\n<figure class=\"wp-block-image size-large\"><img decoding=\"async\" loading=\"lazy\" width=\"1024\" height=\"638\" src=\"https:\/\/lenguacastellanausco.edu.co\/wp-content\/uploads\/2023\/11\/III-tomo-3-1024x638.jpg\" alt=\"\" class=\"wp-image-230\" srcset=\"https:\/\/lenguacastellanausco.edu.co\/wp-content\/uploads\/2023\/11\/III-tomo-3-1024x638.jpg 1024w, https:\/\/lenguacastellanausco.edu.co\/wp-content\/uploads\/2023\/11\/III-tomo-3-300x187.jpg 300w, https:\/\/lenguacastellanausco.edu.co\/wp-content\/uploads\/2023\/11\/III-tomo-3-768x478.jpg 768w, https:\/\/lenguacastellanausco.edu.co\/wp-content\/uploads\/2023\/11\/III-tomo-3-1536x956.jpg 1536w, https:\/\/lenguacastellanausco.edu.co\/wp-content\/uploads\/2023\/11\/III-tomo-3-2048x1275.jpg 2048w\" sizes=\"(max-width: 1024px) 100vw, 1024px\" \/><\/figure>\n\n\n\n<p><\/p>\n\n\n\n<figure class=\"wp-block-image size-large\"><img decoding=\"async\" loading=\"lazy\" width=\"1024\" height=\"768\" src=\"https:\/\/lenguacastellanausco.edu.co\/wp-content\/uploads\/2023\/11\/III-tomo-1024x768.jpg\" alt=\"\" class=\"wp-image-231\" srcset=\"https:\/\/lenguacastellanausco.edu.co\/wp-content\/uploads\/2023\/11\/III-tomo-1024x768.jpg 1024w, https:\/\/lenguacastellanausco.edu.co\/wp-content\/uploads\/2023\/11\/III-tomo-300x225.jpg 300w, https:\/\/lenguacastellanausco.edu.co\/wp-content\/uploads\/2023\/11\/III-tomo-768x576.jpg 768w, https:\/\/lenguacastellanausco.edu.co\/wp-content\/uploads\/2023\/11\/III-tomo-1536x1152.jpg 1536w, https:\/\/lenguacastellanausco.edu.co\/wp-content\/uploads\/2023\/11\/III-tomo-2048x1536.jpg 2048w\" sizes=\"(max-width: 1024px) 100vw, 1024px\" \/><\/figure>\n\n\n\n<p><\/p>\n\n\n\n<figure class=\"wp-block-image size-large is-resized\"><img decoding=\"async\" loading=\"lazy\" src=\"https:\/\/lenguacastellanausco.edu.co\/wp-content\/uploads\/2023\/11\/Parte-trasera-III-tomo-867x1024.jpg\" alt=\"\" class=\"wp-image-232\" width=\"426\" height=\"503\" srcset=\"https:\/\/lenguacastellanausco.edu.co\/wp-content\/uploads\/2023\/11\/Parte-trasera-III-tomo-867x1024.jpg 867w, https:\/\/lenguacastellanausco.edu.co\/wp-content\/uploads\/2023\/11\/Parte-trasera-III-tomo-254x300.jpg 254w, https:\/\/lenguacastellanausco.edu.co\/wp-content\/uploads\/2023\/11\/Parte-trasera-III-tomo-768x907.jpg 768w, https:\/\/lenguacastellanausco.edu.co\/wp-content\/uploads\/2023\/11\/Parte-trasera-III-tomo-1301x1536.jpg 1301w, https:\/\/lenguacastellanausco.edu.co\/wp-content\/uploads\/2023\/11\/Parte-trasera-III-tomo-1735x2048.jpg 1735w\" sizes=\"(max-width: 426px) 100vw, 426px\" \/><\/figure>\n<cite>Parte tracera del III Tomo<\/cite><\/blockquote>\n\n\n\n<blockquote class=\"wp-block-quote\">\n<p>En la siguiente imagen se logra ver en el estado en el que se encontr\u00f3 el <strong>IX Tomo<\/strong>:<\/p>\n\n\n\n<figure class=\"wp-block-image size-large\"><img decoding=\"async\" loading=\"lazy\" width=\"1024\" height=\"899\" src=\"https:\/\/lenguacastellanausco.edu.co\/wp-content\/uploads\/2023\/11\/IX-El-campo-Los-cultivos-Otros-vegetales-1024x899.jpg\" alt=\"\" class=\"wp-image-233\" srcset=\"https:\/\/lenguacastellanausco.edu.co\/wp-content\/uploads\/2023\/11\/IX-El-campo-Los-cultivos-Otros-vegetales-1024x899.jpg 1024w, https:\/\/lenguacastellanausco.edu.co\/wp-content\/uploads\/2023\/11\/IX-El-campo-Los-cultivos-Otros-vegetales-300x263.jpg 300w, https:\/\/lenguacastellanausco.edu.co\/wp-content\/uploads\/2023\/11\/IX-El-campo-Los-cultivos-Otros-vegetales-768x675.jpg 768w, https:\/\/lenguacastellanausco.edu.co\/wp-content\/uploads\/2023\/11\/IX-El-campo-Los-cultivos-Otros-vegetales-1536x1349.jpg 1536w, https:\/\/lenguacastellanausco.edu.co\/wp-content\/uploads\/2023\/11\/IX-El-campo-Los-cultivos-Otros-vegetales-2048x1799.jpg 2048w\" sizes=\"(max-width: 1024px) 100vw, 1024px\" \/><\/figure>\n<\/blockquote>\n\n\n\n<blockquote class=\"wp-block-quote\">\n<p>En las siguientes imagenes se puede evidenciar c\u00f3mo se encuentra el <strong>X Tomo<\/strong>:<\/p>\n\n\n\n<figure class=\"wp-block-image size-large is-resized\"><img decoding=\"async\" loading=\"lazy\" src=\"https:\/\/lenguacastellanausco.edu.co\/wp-content\/uploads\/2023\/11\/X-Industria-relacionada-con-la-agricultura-2-785x1024.jpg\" alt=\"\" class=\"wp-image-234\" width=\"428\" height=\"558\" srcset=\"https:\/\/lenguacastellanausco.edu.co\/wp-content\/uploads\/2023\/11\/X-Industria-relacionada-con-la-agricultura-2-785x1024.jpg 785w, https:\/\/lenguacastellanausco.edu.co\/wp-content\/uploads\/2023\/11\/X-Industria-relacionada-con-la-agricultura-2-230x300.jpg 230w, https:\/\/lenguacastellanausco.edu.co\/wp-content\/uploads\/2023\/11\/X-Industria-relacionada-con-la-agricultura-2-768x1002.jpg 768w, https:\/\/lenguacastellanausco.edu.co\/wp-content\/uploads\/2023\/11\/X-Industria-relacionada-con-la-agricultura-2-1177x1536.jpg 1177w, https:\/\/lenguacastellanausco.edu.co\/wp-content\/uploads\/2023\/11\/X-Industria-relacionada-con-la-agricultura-2-1569x2048.jpg 1569w, https:\/\/lenguacastellanausco.edu.co\/wp-content\/uploads\/2023\/11\/X-Industria-relacionada-con-la-agricultura-2-scaled.jpg 1961w\" sizes=\"(max-width: 428px) 100vw, 428px\" \/><\/figure>\n\n\n\n<p><\/p>\n\n\n\n<figure class=\"wp-block-image size-large is-resized\"><img decoding=\"async\" loading=\"lazy\" src=\"https:\/\/lenguacastellanausco.edu.co\/wp-content\/uploads\/2023\/11\/X-Industria-relacionada-con-la-agricultura-3-836x1024.jpg\" alt=\"\" class=\"wp-image-235\" width=\"423\" height=\"518\" srcset=\"https:\/\/lenguacastellanausco.edu.co\/wp-content\/uploads\/2023\/11\/X-Industria-relacionada-con-la-agricultura-3-836x1024.jpg 836w, https:\/\/lenguacastellanausco.edu.co\/wp-content\/uploads\/2023\/11\/X-Industria-relacionada-con-la-agricultura-3-245x300.jpg 245w, https:\/\/lenguacastellanausco.edu.co\/wp-content\/uploads\/2023\/11\/X-Industria-relacionada-con-la-agricultura-3-768x941.jpg 768w, https:\/\/lenguacastellanausco.edu.co\/wp-content\/uploads\/2023\/11\/X-Industria-relacionada-con-la-agricultura-3-1253x1536.jpg 1253w, https:\/\/lenguacastellanausco.edu.co\/wp-content\/uploads\/2023\/11\/X-Industria-relacionada-con-la-agricultura-3-1671x2048.jpg 1671w\" sizes=\"(max-width: 423px) 100vw, 423px\" \/><\/figure>\n\n\n\n<p><\/p>\n\n\n\n<figure class=\"wp-block-image size-large\"><img decoding=\"async\" loading=\"lazy\" width=\"1024\" height=\"712\" src=\"https:\/\/lenguacastellanausco.edu.co\/wp-content\/uploads\/2023\/11\/X-Industria-relacionada-con-la-agricultura-1024x712.jpg\" alt=\"\" class=\"wp-image-236\" srcset=\"https:\/\/lenguacastellanausco.edu.co\/wp-content\/uploads\/2023\/11\/X-Industria-relacionada-con-la-agricultura-1024x712.jpg 1024w, https:\/\/lenguacastellanausco.edu.co\/wp-content\/uploads\/2023\/11\/X-Industria-relacionada-con-la-agricultura-300x209.jpg 300w, https:\/\/lenguacastellanausco.edu.co\/wp-content\/uploads\/2023\/11\/X-Industria-relacionada-con-la-agricultura-768x534.jpg 768w, https:\/\/lenguacastellanausco.edu.co\/wp-content\/uploads\/2023\/11\/X-Industria-relacionada-con-la-agricultura-1536x1068.jpg 1536w, https:\/\/lenguacastellanausco.edu.co\/wp-content\/uploads\/2023\/11\/X-Industria-relacionada-con-la-agricultura-2048x1424.jpg 2048w\" sizes=\"(max-width: 1024px) 100vw, 1024px\" \/><\/figure>\n<\/blockquote>\n\n\n\n<blockquote class=\"wp-block-quote\">\n<p>En la siguiente imagen se logra observar el estado del <strong>XI Tomo<\/strong>:<\/p>\n\n\n\n<figure class=\"wp-block-image size-large is-resized\"><img decoding=\"async\" loading=\"lazy\" src=\"https:\/\/lenguacastellanausco.edu.co\/wp-content\/uploads\/2023\/11\/XI-Ganaderia-924x1024.jpg\" alt=\"\" class=\"wp-image-237\" width=\"467\" height=\"517\" srcset=\"https:\/\/lenguacastellanausco.edu.co\/wp-content\/uploads\/2023\/11\/XI-Ganaderia-924x1024.jpg 924w, https:\/\/lenguacastellanausco.edu.co\/wp-content\/uploads\/2023\/11\/XI-Ganaderia-271x300.jpg 271w, https:\/\/lenguacastellanausco.edu.co\/wp-content\/uploads\/2023\/11\/XI-Ganaderia-768x851.jpg 768w, https:\/\/lenguacastellanausco.edu.co\/wp-content\/uploads\/2023\/11\/XI-Ganaderia-1386x1536.jpg 1386w, https:\/\/lenguacastellanausco.edu.co\/wp-content\/uploads\/2023\/11\/XI-Ganaderia-1848x2048.jpg 1848w\" sizes=\"(max-width: 467px) 100vw, 467px\" \/><\/figure>\n<\/blockquote>\n\n\n\n<blockquote class=\"wp-block-quote\">\n<p>En las siguientes imagenes se puede evidenciar en qu\u00e9 estado que se encuentra el <strong>XII Tomo<\/strong>:<\/p>\n\n\n\n<figure class=\"wp-block-image size-large is-resized\"><img decoding=\"async\" loading=\"lazy\" src=\"https:\/\/lenguacastellanausco.edu.co\/wp-content\/uploads\/2023\/11\/XII-Reptiles-insectos-batracios-pajaros-animales-salvajes-2-853x1024.jpg\" alt=\"\" class=\"wp-image-238\" width=\"432\" height=\"518\" srcset=\"https:\/\/lenguacastellanausco.edu.co\/wp-content\/uploads\/2023\/11\/XII-Reptiles-insectos-batracios-pajaros-animales-salvajes-2-853x1024.jpg 853w, https:\/\/lenguacastellanausco.edu.co\/wp-content\/uploads\/2023\/11\/XII-Reptiles-insectos-batracios-pajaros-animales-salvajes-2-250x300.jpg 250w, https:\/\/lenguacastellanausco.edu.co\/wp-content\/uploads\/2023\/11\/XII-Reptiles-insectos-batracios-pajaros-animales-salvajes-2-768x922.jpg 768w, https:\/\/lenguacastellanausco.edu.co\/wp-content\/uploads\/2023\/11\/XII-Reptiles-insectos-batracios-pajaros-animales-salvajes-2-1279x1536.jpg 1279w, https:\/\/lenguacastellanausco.edu.co\/wp-content\/uploads\/2023\/11\/XII-Reptiles-insectos-batracios-pajaros-animales-salvajes-2-1706x2048.jpg 1706w\" sizes=\"(max-width: 432px) 100vw, 432px\" \/><\/figure>\n\n\n\n<p><\/p>\n\n\n\n<figure class=\"wp-block-image size-large\"><img decoding=\"async\" loading=\"lazy\" width=\"1024\" height=\"688\" src=\"https:\/\/lenguacastellanausco.edu.co\/wp-content\/uploads\/2023\/11\/XII-Reptiles-insectos-batracios-pajaros-animales-salvajes-1024x688.jpg\" alt=\"\" class=\"wp-image-239\" srcset=\"https:\/\/lenguacastellanausco.edu.co\/wp-content\/uploads\/2023\/11\/XII-Reptiles-insectos-batracios-pajaros-animales-salvajes-1024x688.jpg 1024w, https:\/\/lenguacastellanausco.edu.co\/wp-content\/uploads\/2023\/11\/XII-Reptiles-insectos-batracios-pajaros-animales-salvajes-300x202.jpg 300w, https:\/\/lenguacastellanausco.edu.co\/wp-content\/uploads\/2023\/11\/XII-Reptiles-insectos-batracios-pajaros-animales-salvajes-768x516.jpg 768w, https:\/\/lenguacastellanausco.edu.co\/wp-content\/uploads\/2023\/11\/XII-Reptiles-insectos-batracios-pajaros-animales-salvajes-1536x1032.jpg 1536w, https:\/\/lenguacastellanausco.edu.co\/wp-content\/uploads\/2023\/11\/XII-Reptiles-insectos-batracios-pajaros-animales-salvajes-2048x1376.jpg 2048w\" sizes=\"(max-width: 1024px) 100vw, 1024px\" \/><\/figure>\n<\/blockquote>\n\n\n\n<blockquote class=\"wp-block-quote\">\n<p>En la siguiente imagene se puede evidenciar en el estado que se encuentra el <strong>XV Tomo<\/strong>:<\/p>\n\n\n\n<figure class=\"wp-block-image size-large is-resized\"><img decoding=\"async\" loading=\"lazy\" src=\"https:\/\/lenguacastellanausco.edu.co\/wp-content\/uploads\/2023\/11\/XV-Embarcaciones-y-pesca-768x1024.jpg\" alt=\"\" class=\"wp-image-240\" width=\"449\" height=\"599\" srcset=\"https:\/\/lenguacastellanausco.edu.co\/wp-content\/uploads\/2023\/11\/XV-Embarcaciones-y-pesca-768x1024.jpg 768w, https:\/\/lenguacastellanausco.edu.co\/wp-content\/uploads\/2023\/11\/XV-Embarcaciones-y-pesca-225x300.jpg 225w, https:\/\/lenguacastellanausco.edu.co\/wp-content\/uploads\/2023\/11\/XV-Embarcaciones-y-pesca-1152x1536.jpg 1152w, https:\/\/lenguacastellanausco.edu.co\/wp-content\/uploads\/2023\/11\/XV-Embarcaciones-y-pesca-1536x2048.jpg 1536w, https:\/\/lenguacastellanausco.edu.co\/wp-content\/uploads\/2023\/11\/XV-Embarcaciones-y-pesca-scaled.jpg 1920w\" sizes=\"(max-width: 449px) 100vw, 449px\" \/><\/figure>\n<\/blockquote>\n\n\n\n<blockquote class=\"wp-block-quote\">\n<p>En las siguientes imagenes se puede observar el estado en el que se encuentra el <strong>XVI Tomo<\/strong>:<\/p>\n\n\n\n<figure class=\"wp-block-image size-large is-resized\"><img decoding=\"async\" loading=\"lazy\" src=\"https:\/\/lenguacastellanausco.edu.co\/wp-content\/uploads\/2023\/11\/XVI-Transporte-2-861x1024.jpg\" alt=\"\" class=\"wp-image-241\" width=\"438\" height=\"520\" srcset=\"https:\/\/lenguacastellanausco.edu.co\/wp-content\/uploads\/2023\/11\/XVI-Transporte-2-861x1024.jpg 861w, https:\/\/lenguacastellanausco.edu.co\/wp-content\/uploads\/2023\/11\/XVI-Transporte-2-252x300.jpg 252w, https:\/\/lenguacastellanausco.edu.co\/wp-content\/uploads\/2023\/11\/XVI-Transporte-2-768x913.jpg 768w, https:\/\/lenguacastellanausco.edu.co\/wp-content\/uploads\/2023\/11\/XVI-Transporte-2-1292x1536.jpg 1292w, https:\/\/lenguacastellanausco.edu.co\/wp-content\/uploads\/2023\/11\/XVI-Transporte-2-1722x2048.jpg 1722w\" sizes=\"(max-width: 438px) 100vw, 438px\" \/><\/figure>\n\n\n\n<p><\/p>\n\n\n\n<figure class=\"wp-block-image size-large is-resized\"><img decoding=\"async\" loading=\"lazy\" src=\"https:\/\/lenguacastellanausco.edu.co\/wp-content\/uploads\/2023\/11\/XVI-Transporte-844x1024.jpg\" alt=\"\" class=\"wp-image-242\" width=\"439\" height=\"532\" srcset=\"https:\/\/lenguacastellanausco.edu.co\/wp-content\/uploads\/2023\/11\/XVI-Transporte-844x1024.jpg 844w, https:\/\/lenguacastellanausco.edu.co\/wp-content\/uploads\/2023\/11\/XVI-Transporte-247x300.jpg 247w, https:\/\/lenguacastellanausco.edu.co\/wp-content\/uploads\/2023\/11\/XVI-Transporte-768x932.jpg 768w, https:\/\/lenguacastellanausco.edu.co\/wp-content\/uploads\/2023\/11\/XVI-Transporte-1266x1536.jpg 1266w, https:\/\/lenguacastellanausco.edu.co\/wp-content\/uploads\/2023\/11\/XVI-Transporte-1688x2048.jpg 1688w\" sizes=\"(max-width: 439px) 100vw, 439px\" \/><\/figure>\n\n\n\n<p><\/p>\n<\/blockquote>\n\n\n\n<blockquote class=\"wp-block-quote\">\n<p>En las imagenes siguientes se puede evidenciar el estado de la ubicaci\u00f3n de los tomos y las p\u00e1ginas de algunos tomos no identificados hasta el momento:<\/p>\n\n\n\n<figure class=\"wp-block-image size-large is-resized\"><img decoding=\"async\" loading=\"lazy\" src=\"https:\/\/lenguacastellanausco.edu.co\/wp-content\/uploads\/2023\/11\/Ubicacion-de-tomos-1024x556.jpg\" alt=\"\" class=\"wp-image-243\" width=\"564\" height=\"306\" srcset=\"https:\/\/lenguacastellanausco.edu.co\/wp-content\/uploads\/2023\/11\/Ubicacion-de-tomos-1024x556.jpg 1024w, https:\/\/lenguacastellanausco.edu.co\/wp-content\/uploads\/2023\/11\/Ubicacion-de-tomos-300x163.jpg 300w, https:\/\/lenguacastellanausco.edu.co\/wp-content\/uploads\/2023\/11\/Ubicacion-de-tomos-768x417.jpg 768w, https:\/\/lenguacastellanausco.edu.co\/wp-content\/uploads\/2023\/11\/Ubicacion-de-tomos-1536x833.jpg 1536w, https:\/\/lenguacastellanausco.edu.co\/wp-content\/uploads\/2023\/11\/Ubicacion-de-tomos-2048x1111.jpg 2048w\" sizes=\"(max-width: 564px) 100vw, 564px\" \/><\/figure>\n\n\n\n<p><\/p>\n\n\n\n<figure class=\"wp-block-image size-large is-resized\"><img decoding=\"async\" loading=\"lazy\" src=\"https:\/\/lenguacastellanausco.edu.co\/wp-content\/uploads\/2023\/11\/Por-poner-nombre-1024x768.jpg\" alt=\"\" class=\"wp-image-244\" width=\"609\" height=\"457\" srcset=\"https:\/\/lenguacastellanausco.edu.co\/wp-content\/uploads\/2023\/11\/Por-poner-nombre-1024x768.jpg 1024w, https:\/\/lenguacastellanausco.edu.co\/wp-content\/uploads\/2023\/11\/Por-poner-nombre-300x225.jpg 300w, https:\/\/lenguacastellanausco.edu.co\/wp-content\/uploads\/2023\/11\/Por-poner-nombre-768x576.jpg 768w, https:\/\/lenguacastellanausco.edu.co\/wp-content\/uploads\/2023\/11\/Por-poner-nombre-1536x1152.jpg 1536w, https:\/\/lenguacastellanausco.edu.co\/wp-content\/uploads\/2023\/11\/Por-poner-nombre-2048x1536.jpg 2048w\" sizes=\"(max-width: 609px) 100vw, 609px\" \/><\/figure>\n\n\n\n<p><\/p>\n\n\n\n<figure class=\"wp-block-image size-large is-resized\"><img decoding=\"async\" loading=\"lazy\" src=\"https:\/\/lenguacastellanausco.edu.co\/wp-content\/uploads\/2023\/11\/Por-poner-nombre-2-1024x894.jpg\" alt=\"\" class=\"wp-image-245\" width=\"560\" height=\"488\" srcset=\"https:\/\/lenguacastellanausco.edu.co\/wp-content\/uploads\/2023\/11\/Por-poner-nombre-2-1024x894.jpg 1024w, https:\/\/lenguacastellanausco.edu.co\/wp-content\/uploads\/2023\/11\/Por-poner-nombre-2-300x262.jpg 300w, https:\/\/lenguacastellanausco.edu.co\/wp-content\/uploads\/2023\/11\/Por-poner-nombre-2-768x671.jpg 768w, https:\/\/lenguacastellanausco.edu.co\/wp-content\/uploads\/2023\/11\/Por-poner-nombre-2-1536x1341.jpg 1536w, https:\/\/lenguacastellanausco.edu.co\/wp-content\/uploads\/2023\/11\/Por-poner-nombre-2-2048x1788.jpg 2048w\" sizes=\"(max-width: 560px) 100vw, 560px\" \/><\/figure>\n\n\n\n<p><\/p>\n\n\n\n<figure class=\"wp-block-image size-large is-resized\"><img decoding=\"async\" loading=\"lazy\" src=\"https:\/\/lenguacastellanausco.edu.co\/wp-content\/uploads\/2023\/11\/Por-poner-nombre-3-1024x772.jpg\" alt=\"\" class=\"wp-image-246\" width=\"616\" height=\"464\" srcset=\"https:\/\/lenguacastellanausco.edu.co\/wp-content\/uploads\/2023\/11\/Por-poner-nombre-3-1024x772.jpg 1024w, https:\/\/lenguacastellanausco.edu.co\/wp-content\/uploads\/2023\/11\/Por-poner-nombre-3-300x226.jpg 300w, https:\/\/lenguacastellanausco.edu.co\/wp-content\/uploads\/2023\/11\/Por-poner-nombre-3-768x579.jpg 768w, https:\/\/lenguacastellanausco.edu.co\/wp-content\/uploads\/2023\/11\/Por-poner-nombre-3-1536x1158.jpg 1536w, https:\/\/lenguacastellanausco.edu.co\/wp-content\/uploads\/2023\/11\/Por-poner-nombre-3-2048x1544.jpg 2048w\" sizes=\"(max-width: 616px) 100vw, 616px\" \/><\/figure>\n\n\n\n<p><\/p>\n<\/blockquote>\n","protected":false},"excerpt":{"rendered":"<p>Los tomos fueron encontrados y tomados de las instalaciones de la Universidad Surcolombia, los cuales son muy importantes para el desarrollo y la protecci\u00f3n de nuestra cultura huilense, en este apartado podr\u00e1n ver en que estado fueron encontrados los tomos digitalizados y compartidos en esta p\u00e1gina:<\/p>\n","protected":false},"author":1,"featured_media":125,"parent":0,"menu_order":0,"comment_status":"closed","ping_status":"open","template":"","meta":{"om_disable_all_campaigns":false,"_monsterinsights_skip_tracking":false,"_monsterinsights_sitenote_active":false,"_monsterinsights_sitenote_note":"","_monsterinsights_sitenote_category":0},"_links":{"self":[{"href":"https:\/\/lenguacastellanausco.edu.co\/index.php\/wp-json\/wp\/v2\/pages\/2"}],"collection":[{"href":"https:\/\/lenguacastellanausco.edu.co\/index.php\/wp-json\/wp\/v2\/pages"}],"about":[{"href":"https:\/\/lenguacastellanausco.edu.co\/index.php\/wp-json\/wp\/v2\/types\/page"}],"author":[{"embeddable":true,"href":"https:\/\/lenguacastellanausco.edu.co\/index.php\/wp-json\/wp\/v2\/users\/1"}],"replies":[{"embeddable":true,"href":"https:\/\/lenguacastellanausco.edu.co\/index.php\/wp-json\/wp\/v2\/comments?post=2"}],"version-history":[{"count":4,"href":"https:\/\/lenguacastellanausco.edu.co\/index.php\/wp-json\/wp\/v2\/pages\/2\/revisions"}],"predecessor-version":[{"id":247,"href":"https:\/\/lenguacastellanausco.edu.co\/index.php\/wp-json\/wp\/v2\/pages\/2\/revisions\/247"}],"wp:featuredmedia":[{"embeddable":true,"href":"https:\/\/lenguacastellanausco.edu.co\/index.php\/wp-json\/wp\/v2\/media\/125"}],"wp:attachment":[{"href":"https:\/\/lenguacastellanausco.edu.co\/index.php\/wp-json\/wp\/v2\/media?parent=2"}],"curies":[{"name":"wp","href":"https:\/\/api.w.org\/{rel}","templated":true}]}}